{"id":2,"date":"2025-03-05T12:02:41","date_gmt":"2025-03-05T11:02:41","guid":{"rendered":"http:\/\/operazur.fr\/?page_id=2"},"modified":"2025-03-05T12:22:31","modified_gmt":"2025-03-05T11:22:31","slug":"page-d-exemple","status":"publish","type":"page","link":"https:\/\/operazur.fr\/index.php\/page-d-exemple\/","title":{"rendered":"\u201cCarmen\u201d en sc\u00e8ne \u2013 Un concert lyrique \u00e0 ne pas manquer !"},"content":{"rendered":"\n<p>Le <strong>samedi 15 mars \u00e0 17h30<\/strong>, le <strong>Centre Baha\u2019i<\/strong> vibrera au son de l\u2019op\u00e9ra avec un concert lyrique exceptionnel de l\u2019association <strong>Op\u00e9r\u2019Azur<\/strong>.<\/p>\n\n\n\n<p>Sous la direction artistique de <strong>Guy Bonfiglio<\/strong>, accompagn\u00e9 de ses talentueux amis chanteurs, red\u00e9couvrez <strong>Carmen<\/strong> dans une version <strong>mise en espace et costum\u00e9e<\/strong>, o\u00f9 <strong>passion et drame<\/strong> s\u2019entrelacent.<\/p>\n\n\n\n<p>Les voix envo\u00fbtantes d\u2019<strong>Alexia Ercolani, Valentin Ferrari<\/strong> et des artistes d\u2019<strong>Op\u00e9r\u2019Azur<\/strong> seront sublim\u00e9es par <strong>Michelle Salzman<\/strong> au <strong>piano et \u00e0 la direction musicale<\/strong>.<\/p>\n\n\n\n<p><strong>En premi\u00e8re partie<\/strong>, pour une mise en bouche, vous serez emport\u00e9s par des <strong>airs et duos issus du grand r\u00e9pertoire italien<\/strong>.<\/p>\n\n\n\n<p>L\u2019entr\u00e9e est <strong>libre<\/strong>, avec une <strong>participation aux frais des artistes<\/strong>. Les portes ouvriront \u00e0 <strong>17h<\/strong>, dans la <strong>limite des places disponibles<\/strong>.<\/p>\n\n\n\n<p>Ne manquez pas ce <strong>premier concert d\u2019Op\u00e9r\u2019Azur<\/strong>, une <strong>soir\u00e9e lyrique \u00e0 vivre intens\u00e9ment<\/strong> !<\/p>\n","protected":false},"excerpt":{"rendered":"<p>Le samedi 15 mars \u00e0 17h30, le Centre Baha\u2019i vibrera au son de l\u2019op\u00e9ra avec un concert lyrique exceptionnel de l\u2019association Op\u00e9r\u2019Azur. Sous la direction artistique de Guy Bonfiglio, accompagn\u00e9 de ses talentueux amis chanteurs, red\u00e9couvrez Carmen dans une version mise en espace et costum\u00e9e, o\u00f9 passion et drame s\u2019entrelacent. Les voix envo\u00fbtantes d\u2019Alexia Ercolani, [&hellip;]<\/p>\n","protected":false},"author":1,"featured_media":18,"parent":0,"menu_order":0,"comment_status":"closed","ping_status":"open","template":"","meta":{"footnotes":""},"class_list":["post-2","page","type-page","status-publish","has-post-thumbnail","hentry"],"_links":{"self":[{"href":"https:\/\/operazur.fr\/index.php\/wp-json\/wp\/v2\/pages\/2","targetHints":{"allow":["GET"]}}],"collection":[{"href":"https:\/\/operazur.fr\/index.php\/wp-json\/wp\/v2\/pages"}],"about":[{"href":"https:\/\/operazur.fr\/index.php\/wp-json\/wp\/v2\/types\/page"}],"author":[{"embeddable":true,"href":"https:\/\/operazur.fr\/index.php\/wp-json\/wp\/v2\/users\/1"}],"replies":[{"embeddable":true,"href":"https:\/\/operazur.fr\/index.php\/wp-json\/wp\/v2\/comments?post=2"}],"version-history":[{"count":3,"href":"https:\/\/operazur.fr\/index.php\/wp-json\/wp\/v2\/pages\/2\/revisions"}],"predecessor-version":[{"id":14,"href":"https:\/\/operazur.fr\/index.php\/wp-json\/wp\/v2\/pages\/2\/revisions\/14"}],"wp:featuredmedia":[{"embeddable":true,"href":"https:\/\/operazur.fr\/index.php\/wp-json\/wp\/v2\/media\/18"}],"wp:attachment":[{"href":"https:\/\/operazur.fr\/index.php\/wp-json\/wp\/v2\/media?parent=2"}],"curies":[{"name":"wp","href":"https:\/\/api.w.org\/{rel}","templated":true}]}}