{"id":20,"date":"2025-09-26T14:26:16","date_gmt":"2025-09-26T12:26:16","guid":{"rendered":"http:\/\/operazur.fr\/?page_id=20"},"modified":"2025-09-26T14:28:24","modified_gmt":"2025-09-26T12:28:24","slug":"offenbach-du-rire-aux-reves","status":"publish","type":"page","link":"https:\/\/operazur.fr\/index.php\/offenbach-du-rire-aux-reves\/","title":{"rendered":"Offenbach \u2013 Du Rire aux R\u00eaves"},"content":{"rendered":"\n<p id=\"isPasted\">Le premier concert de la saison de la troupe Op\u00e9r&rsquo;Azur se tiendra \u00e0 Nice au&nbsp;<strong>Centre Bah\u00e1\u2019\u00ed, 24 rue Mar\u00e9chal Joffre le samedi 4 octobre 2025 \u00e0 17h30.&nbsp;<\/strong><\/p>\n\n\n\n<p>Vous pourrez d\u00e9couvrir le spectacle \u00ab\u00a0<strong>Offenbach \u2013 Du rire aux r\u00eaves<\/strong>\u00a0\u00bb : une soir\u00e9e en deux visages consacr\u00e9e au g\u00e9nie de Jacques Offenbach.<\/p>\n\n\n\n<p>La premi\u00e8re partie vous plongera dans l\u2019effervescence de ses plus c\u00e9l\u00e8bres op\u00e9rettes, La Belle H\u00e9l\u00e8ne, La P\u00e9richole, La Grande-Duchesse de G\u00e9rolstein, entre cancan \u00e9tincelant, humour piquant et m\u00e9lodies p\u00e9tillantes.<\/p>\n\n\n\n<p>Puis, les lumi\u00e8res se tamiseront et la magie s\u2019installera avec de larges extraits des Contes d\u2019Hoffmann, chef-d\u2019\u0153uvre romantique et fantastique.<\/p>\n\n\n\n<p>Le t\u00e9nor Marseillais&nbsp;<strong>Luca Lombardo<\/strong>&nbsp;que l&rsquo;on retrouvera cette saison \u00e0 l&rsquo;op\u00e9ra de Nice endossera le redoutable r\u00f4le d&rsquo;Hoffmann.<\/p>\n\n\n\n<p>L&rsquo;ensemble de la troupe (9 chanteurs) sera mis en sc\u00e8ne par&nbsp;<strong>Guy Bonfiglio<\/strong>, costum\u00e9 par&nbsp;<strong>\u00c9lisabeth Aubert<\/strong>, et dirig\u00e9 musicalement par&nbsp;<strong>Michelle Salzman<\/strong>.<\/p>\n\n\n\n<p>Un voyage unique, du rire \u00e0 l\u2019\u00e9motion, \u00e0 travers l\u2019univers contrast\u00e9 d\u2019un compositeur inoubliable.<\/p>\n\n\n\n<p><strong>Entr\u00e9e : 20\u20ac&nbsp;<\/strong><\/p>\n\n\n\n<p><strong>Billetterie en ligne :&nbsp;<a href=\"https:\/\/operazur.short.gy\/billetterie\" target=\"_blank\" rel=\"noreferrer noopener\">https:\/\/operazur.short.gy\/billetterie<\/a><\/strong><\/p>\n\n\n\n<p><strong>Ou billetterie sur place :&nbsp;<\/strong><strong>24 rue Mar\u00e9chal Joffre, Nice&nbsp;<\/strong><strong>\u00e0 partir de 17h<\/strong><\/p>\n\n\n\n<p><strong>Parkings \u00e0 promixit\u00e9 : Interparking Grimaldi, Indigo Nice Louvre<\/strong><\/p>\n\n\n\n<p id=\"isPasted\"><strong><a href=\"mailto:contact@operazur.fr?subject=Concert%20Offenbach\">contact@operazur.fr<\/a><\/strong><\/p>\n\n\n\n<p><strong>T\u00e9l :&nbsp;<\/strong><a href=\"https:\/\/wa.me\/33782457166\" target=\"_blank\" rel=\"noreferrer noopener\"><strong>+33 7 82 45 71 66<\/strong><\/a><\/p>\n\n\n\n<figure class=\"wp-block-image size-large\"><img loading=\"lazy\" decoding=\"async\" width=\"1024\" height=\"574\" src=\"http:\/\/operazur.fr\/wp-content\/uploads\/2025\/09\/OperAzur-Saison-2025-26-email-1024x574.jpg\" alt=\"\" class=\"wp-image-27\" srcset=\"https:\/\/operazur.fr\/wp-content\/uploads\/2025\/09\/OperAzur-Saison-2025-26-email-1024x574.jpg 1024w, https:\/\/operazur.fr\/wp-content\/uploads\/2025\/09\/OperAzur-Saison-2025-26-email-300x168.jpg 300w, https:\/\/operazur.fr\/wp-content\/uploads\/2025\/09\/OperAzur-Saison-2025-26-email-768x431.jpg 768w, https:\/\/operazur.fr\/wp-content\/uploads\/2025\/09\/OperAzur-Saison-2025-26-email-1536x861.jpg 1536w, https:\/\/operazur.fr\/wp-content\/uploads\/2025\/09\/OperAzur-Saison-2025-26-email-2048x1148.jpg 2048w\" sizes=\"auto, (max-width: 1024px) 100vw, 1024px\" \/><\/figure>\n","protected":false},"excerpt":{"rendered":"<p>Le premier concert de la saison de la troupe Op\u00e9r&rsquo;Azur se tiendra \u00e0 Nice au&nbsp;Centre Bah\u00e1\u2019\u00ed, 24 rue Mar\u00e9chal Joffre le samedi 4 octobre 2025 \u00e0 17h30.&nbsp; Vous pourrez d\u00e9couvrir le spectacle \u00ab\u00a0Offenbach \u2013 Du rire aux r\u00eaves\u00a0\u00bb : une soir\u00e9e en deux visages consacr\u00e9e au g\u00e9nie de Jacques Offenbach. La premi\u00e8re partie vous plongera [&hellip;]<\/p>\n","protected":false},"author":1,"featured_media":22,"parent":0,"menu_order":0,"comment_status":"closed","ping_status":"closed","template":"","meta":{"footnotes":""},"class_list":["post-20","page","type-page","status-publish","has-post-thumbnail","hentry"],"_links":{"self":[{"href":"https:\/\/operazur.fr\/index.php\/wp-json\/wp\/v2\/pages\/20","targetHints":{"allow":["GET"]}}],"collection":[{"href":"https:\/\/operazur.fr\/index.php\/wp-json\/wp\/v2\/pages"}],"about":[{"href":"https:\/\/operazur.fr\/index.php\/wp-json\/wp\/v2\/types\/page"}],"author":[{"embeddable":true,"href":"https:\/\/operazur.fr\/index.php\/wp-json\/wp\/v2\/users\/1"}],"replies":[{"embeddable":true,"href":"https:\/\/operazur.fr\/index.php\/wp-json\/wp\/v2\/comments?post=20"}],"version-history":[{"count":4,"href":"https:\/\/operazur.fr\/index.php\/wp-json\/wp\/v2\/pages\/20\/revisions"}],"predecessor-version":[{"id":32,"href":"https:\/\/operazur.fr\/index.php\/wp-json\/wp\/v2\/pages\/20\/revisions\/32"}],"wp:featuredmedia":[{"embeddable":true,"href":"https:\/\/operazur.fr\/index.php\/wp-json\/wp\/v2\/media\/22"}],"wp:attachment":[{"href":"https:\/\/operazur.fr\/index.php\/wp-json\/wp\/v2\/media?parent=20"}],"curies":[{"name":"wp","href":"https:\/\/api.w.org\/{rel}","templated":true}]}}