{"id":31,"date":"2025-10-14T22:25:51","date_gmt":"2025-10-14T20:25:51","guid":{"rendered":"https:\/\/operazur.fr\/?page_id=31"},"modified":"2025-10-14T22:28:37","modified_gmt":"2025-10-14T20:28:37","slug":"passions-lumieres-concert-allemand","status":"publish","type":"page","link":"https:\/\/operazur.fr\/","title":{"rendered":"Passion &amp; Lumi\u00e8res \u2013 Concert Allemand"},"content":{"rendered":"\n<figure class=\"wp-block-image size-large\"><img loading=\"lazy\" decoding=\"async\" width=\"724\" height=\"1024\" src=\"https:\/\/operazur.fr\/wp-content\/uploads\/2025\/10\/Affiche-A3-Base-724x1024.jpg\" alt=\"\" class=\"wp-image-33\" srcset=\"https:\/\/operazur.fr\/wp-content\/uploads\/2025\/10\/Affiche-A3-Base-724x1024.jpg 724w, https:\/\/operazur.fr\/wp-content\/uploads\/2025\/10\/Affiche-A3-Base-212x300.jpg 212w, https:\/\/operazur.fr\/wp-content\/uploads\/2025\/10\/Affiche-A3-Base-768x1086.jpg 768w, https:\/\/operazur.fr\/wp-content\/uploads\/2025\/10\/Affiche-A3-Base-1086x1536.jpg 1086w, https:\/\/operazur.fr\/wp-content\/uploads\/2025\/10\/Affiche-A3-Base-1448x2048.jpg 1448w, https:\/\/operazur.fr\/wp-content\/uploads\/2025\/10\/Affiche-A3-Base-scaled.jpg 1810w\" sizes=\"auto, (max-width: 724px) 100vw, 724px\" \/><\/figure>\n\n\n\n<p id=\"isPasted\">Neuf chanteurs et une pianiste vous invitent \u00e0 un grand voyage musical au c\u0153ur du romantisme germanique et viennois.<br><br>La premi\u00e8re partie illustre toute la <strong>Passion<\/strong> de ce r\u00e9pertoire, \u00e0 travers <strong>Wagner, Strauss, Beethoven, Schubert <\/strong>et<strong> Korngold<\/strong>, o\u00f9 se d\u00e9ploient ferveur, intensit\u00e9 dramatique et lyrisme profond.<br><br>La deuxi\u00e8me partie, plus l\u00e9g\u00e8re, ouvre les portes de <strong>Vienne<\/strong> et de son charme populaire, avec <strong>Leh\u00e1r, K\u00e1lm\u00e1n, Humperdinck <\/strong>et<strong> Sieczy\u0144ski<\/strong>.<\/p>\n\n\n\n<p id=\"isPasted\"><br>Enfin, la troisi\u00e8me partie est enti\u00e8rement consacr\u00e9e \u00e0 <strong>La Fl\u00fbte Enchant\u00e9e<\/strong> de <strong>Mozart<\/strong>, chef-d\u2019\u0153uvre \u00e0 la fois merveilleux et symbolique. \u00c0 travers ses airs c\u00e9l\u00e8bres, ses ensembles et son final \u00e9clatant, l\u2019ouvrage r\u00e9v\u00e8le aussi sa dimension spirituelle et ma\u00e7onnique : qu\u00eate de <strong>Lumi\u00e8re<\/strong>, initiation, fraternit\u00e9 et triomphe de la sagesse sur les t\u00e9n\u00e8bres.<\/p>\n\n\n\n<p>Un concert mis en espace par <strong>Guy Bonfiglio<\/strong>, o\u00f9 se rencontrent intensit\u00e9, po\u00e9sie et \u00e9clat symbolique.<\/p>\n\n\n\n<p>Avec :<br><strong>Fr\u00e9d\u00e9ric Diquero<\/strong>,&nbsp;<strong>Marie-Caroline Kfoury<\/strong><br><strong>et les solistes de la troupe Op\u00e9r\u2019Azur<\/strong><\/p>\n\n\n\n<p><strong>Entr\u00e9e : 20\u20ac&nbsp;<\/strong><\/p>\n\n\n\n<p><strong>Billetterie en ligne :&nbsp;<a href=\"https:\/\/operazur.short.gy\/billetterie\" target=\"_blank\" rel=\"noreferrer noopener\">https:\/\/operazur.short.gy\/billetterie<\/a><\/strong><\/p>\n\n\n\n<p><strong>Ou billetterie sur place :\u00a0Holy Trinity Church, 11 rue de la Buffa, 06000 Nice \u00e0 partir de 14h30<\/strong><\/p>\n\n\n\n<p><strong>Parkings \u00e0 promixit\u00e9 : Interparking Grimaldi, Indigo Nice Palais M\u00e9diterran\u00e9e<\/strong><\/p>\n\n\n\n<p id=\"isPasted\"><strong><a href=\"mailto:contact@operazur.fr?subject=Concert%20Offenbach\">contact@operazur.fr<\/a><\/strong><\/p>\n\n\n\n<p><strong>T\u00e9l :&nbsp;<\/strong><a href=\"https:\/\/wa.me\/33782457166\" target=\"_blank\" rel=\"noreferrer noopener\"><strong>+33 7 82 45 71 66<\/strong><\/a><\/p>\n\n\n\n<figure class=\"wp-block-image size-large\"><img loading=\"lazy\" decoding=\"async\" width=\"1024\" height=\"574\" src=\"http:\/\/operazur.fr\/wp-content\/uploads\/2025\/09\/OperAzur-Saison-2025-26-email-1024x574.jpg\" alt=\"\" class=\"wp-image-27\" srcset=\"https:\/\/operazur.fr\/wp-content\/uploads\/2025\/09\/OperAzur-Saison-2025-26-email-1024x574.jpg 1024w, https:\/\/operazur.fr\/wp-content\/uploads\/2025\/09\/OperAzur-Saison-2025-26-email-300x168.jpg 300w, https:\/\/operazur.fr\/wp-content\/uploads\/2025\/09\/OperAzur-Saison-2025-26-email-768x431.jpg 768w, https:\/\/operazur.fr\/wp-content\/uploads\/2025\/09\/OperAzur-Saison-2025-26-email-1536x861.jpg 1536w, https:\/\/operazur.fr\/wp-content\/uploads\/2025\/09\/OperAzur-Saison-2025-26-email-2048x1148.jpg 2048w\" sizes=\"auto, (max-width: 1024px) 100vw, 1024px\" \/><\/figure>\n","protected":false},"excerpt":{"rendered":"<p>Neuf chanteurs et une pianiste vous invitent \u00e0 un grand voyage musical au c\u0153ur du romantisme germanique et viennois. La premi\u00e8re partie illustre toute la Passion de ce r\u00e9pertoire, \u00e0 travers Wagner, Strauss, Beethoven, Schubert et Korngold, o\u00f9 se d\u00e9ploient ferveur, intensit\u00e9 dramatique et lyrisme profond. La deuxi\u00e8me partie, plus l\u00e9g\u00e8re, ouvre les portes de [&hellip;]<\/p>\n","protected":false},"author":1,"featured_media":0,"parent":0,"menu_order":0,"comment_status":"closed","ping_status":"closed","template":"","meta":{"footnotes":""},"class_list":["post-31","page","type-page","status-publish","hentry"],"_links":{"self":[{"href":"https:\/\/operazur.fr\/index.php\/wp-json\/wp\/v2\/pages\/31","targetHints":{"allow":["GET"]}}],"collection":[{"href":"https:\/\/operazur.fr\/index.php\/wp-json\/wp\/v2\/pages"}],"about":[{"href":"https:\/\/operazur.fr\/index.php\/wp-json\/wp\/v2\/types\/page"}],"author":[{"embeddable":true,"href":"https:\/\/operazur.fr\/index.php\/wp-json\/wp\/v2\/users\/1"}],"replies":[{"embeddable":true,"href":"https:\/\/operazur.fr\/index.php\/wp-json\/wp\/v2\/comments?post=31"}],"version-history":[{"count":2,"href":"https:\/\/operazur.fr\/index.php\/wp-json\/wp\/v2\/pages\/31\/revisions"}],"predecessor-version":[{"id":35,"href":"https:\/\/operazur.fr\/index.php\/wp-json\/wp\/v2\/pages\/31\/revisions\/35"}],"wp:attachment":[{"href":"https:\/\/operazur.fr\/index.php\/wp-json\/wp\/v2\/media?parent=31"}],"curies":[{"name":"wp","href":"https:\/\/api.w.org\/{rel}","templated":true}]}}